{"id":2140,"date":"2022-08-23T02:50:59","date_gmt":"2022-08-23T02:50:59","guid":{"rendered":"https:\/\/www.fefoknives.com\/?post_type=product&#038;p=2140"},"modified":"2022-08-23T02:50:59","modified_gmt":"2022-08-23T02:50:59","slug":"tungsten-carbide-zund-baldes-for-cutting-machines","status":"publish","type":"product","link":"https:\/\/www.fefoknives.com\/de\/product\/tungsten-carbide-zund-baldes-for-cutting-machines\/","title":{"rendered":"Wolframkarbid-Z\u00fcndbl\u00e4tter f\u00fcr Schneidemaschinen"},"content":{"rendered":"<div style=\"width: 1200px;\" class=\"wp-video\"><video class=\"wp-video-shortcode\" id=\"video-2140-1\" width=\"1200\" height=\"675\" preload=\"metadata\" controls=\"controls\"><source type=\"video\/mp4\" src=\"https:\/\/www.fefoknives.com\/wp-content\/uploads\/2022\/08\/zund-blades-from-china-FEFO.mp4?_=1\" \/><a href=\"https:\/\/www.fefoknives.com\/wp-content\/uploads\/2022\/08\/zund-blades-from-china-FEFO.mp4\">https:\/\/www.fefoknives.com\/wp-content\/uploads\/2022\/08\/zund-blades-from-china-FEFO.mp4<\/a><\/video><\/div>","protected":false},"excerpt":{"rendered":"","protected":false},"featured_media":2142,"comment_status":"open","ping_status":"closed","template":"","meta":{"_acf_changed":false,"_seopress_robots_primary_cat":"41","_seopress_titles_title":"Carbide zund blades for printing cutting machines","_seopress_titles_desc":"FEFO produce kinds of zund blades with tungsten carbide material, which used for printing machine, Summa cutting machine...","_seopress_robots_index":""},"tudou_product_application":[18,27],"product_brand":[],"product_cat":[41,19,26],"product_tag":[],"class_list":{"0":"post-2140","1":"product","2":"type-product","3":"status-publish","4":"has-post-thumbnail","6":"tudou_product_application-others","7":"tudou_product_application-paper-cutting-blades","8":"product_cat-custom-shaped-blades","9":"product_cat-straight-blades-knives","10":"product_cat-wear-resistant-parts","11":"resize-featured-image","13":"first","14":"instock","15":"shipping-taxable","16":"product-type-simple"},"acf":[],"_links":{"self":[{"href":"https:\/\/www.fefoknives.com\/de\/wp-json\/wp\/v2\/product\/2140","targetHints":{"allow":["GET"]}}],"collection":[{"href":"https:\/\/www.fefoknives.com\/de\/wp-json\/wp\/v2\/product"}],"about":[{"href":"https:\/\/www.fefoknives.com\/de\/wp-json\/wp\/v2\/types\/product"}],"replies":[{"embeddable":true,"href":"https:\/\/www.fefoknives.com\/de\/wp-json\/wp\/v2\/comments?post=2140"}],"wp:featuredmedia":[{"embeddable":true,"href":"https:\/\/www.fefoknives.com\/de\/wp-json\/wp\/v2\/media\/2142"}],"wp:attachment":[{"href":"https:\/\/www.fefoknives.com\/de\/wp-json\/wp\/v2\/media?parent=2140"}],"wp:term":[{"taxonomy":"tudou_product_application","embeddable":true,"href":"https:\/\/www.fefoknives.com\/de\/wp-json\/wp\/v2\/tudou_product_application?post=2140"},{"taxonomy":"product_brand","embeddable":true,"href":"https:\/\/www.fefoknives.com\/de\/wp-json\/wp\/v2\/product_brand?post=2140"},{"taxonomy":"product_cat","embeddable":true,"href":"https:\/\/www.fefoknives.com\/de\/wp-json\/wp\/v2\/product_cat?post=2140"},{"taxonomy":"product_tag","embeddable":true,"href":"https:\/\/www.fefoknives.com\/de\/wp-json\/wp\/v2\/product_tag?post=2140"}],"curies":[{"name":"wp","href":"https:\/\/api.w.org\/{rel}","templated":true}]}}