{"id":1423,"date":"2021-08-11T03:56:07","date_gmt":"2021-08-11T03:56:07","guid":{"rendered":"https:\/\/www.fefoknives.com\/?post_type=product&#038;p=1423"},"modified":"2021-10-31T04:59:04","modified_gmt":"2021-10-31T04:59:04","slug":"tungsten-carbide-tire-vent-trimmer-cutters","status":"publish","type":"product","link":"https:\/\/www.fefoknives.com\/es\/producto\/tungsten-carbide-tire-vent-trimmer-cutters\/","title":{"rendered":"Cortadoras recortadoras de ventilaci\u00f3n de neum\u00e1ticos de carburo de tungsteno"},"content":{"rendered":"<div style=\"width: 544px;\" class=\"wp-video\"><video class=\"wp-video-shortcode\" id=\"video-1423-1\" width=\"544\" height=\"960\" preload=\"metadata\" controls=\"controls\"><source type=\"video\/mp4\" src=\"https:\/\/www.fefoknives.com\/wp-content\/uploads\/2021\/08\/tire-vent-cutters-from-china-supplier.mp4?_=1\" \/><a href=\"https:\/\/www.fefoknives.com\/wp-content\/uploads\/2021\/08\/tire-vent-cutters-from-china-supplier.mp4\">https:\/\/www.fefoknives.com\/wp-content\/uploads\/2021\/08\/tire-vent-cutters-from-china-supplier.mp4<\/a><\/video><\/div>\n<p><b>FeFo es un fabricante l\u00edder chino de cuchillas industriales y cuchillas para m\u00e1quinas.<br \/>\nEste es un cortador de recorte de ventilaci\u00f3n de material de carburo de tungsteno, que se utiliza para la industria de neum\u00e1ticos.<br \/>\nProducimos cortadoras de ventilaci\u00f3n tanto para uso a m\u00e1quina como para uso manual, esto es para m\u00e1quinas cortadoras de ventilaci\u00f3n de neum\u00e1ticos.<\/b><\/p>","protected":false},"excerpt":{"rendered":"<p>FeFo es un fabricante l\u00edder en China de cuchillas industriales y para m\u00e1quinas. Esta cortadora de carburo de tungsteno para ventilaci\u00f3n se utiliza en la industria de neum\u00e1ticos. Fabricamos cortadoras de ventilaci\u00f3n tanto para uso mec\u00e1nico como manual, especialmente para m\u00e1quinas de corte de neum\u00e1ticos.<\/p>","protected":false},"featured_media":1425,"comment_status":"open","ping_status":"closed","template":"","meta":{"_acf_changed":false,"_seopress_robots_primary_cat":"","_seopress_titles_title":"Carbide cutters and knives for tire vent trimming machinery","_seopress_titles_desc":"FeFo produces tungsten carbide vent trimming cutters, which used for tyre industry. We produce both machine use and hand use vent trimmers.","_seopress_robots_index":""},"tudou_product_application":[21],"product_brand":[],"product_cat":[41,26],"product_tag":[],"class_list":{"0":"post-1423","1":"product","2":"type-product","3":"status-publish","4":"has-post-thumbnail","6":"tudou_product_application-rmachine-rubber-cutting-blades","7":"product_cat-custom-shaped-blades","8":"product_cat-wear-resistant-parts","9":"resize-featured-image","11":"first","12":"instock","13":"shipping-taxable","14":"product-type-simple"},"acf":[],"_links":{"self":[{"href":"https:\/\/www.fefoknives.com\/es\/wp-json\/wp\/v2\/product\/1423","targetHints":{"allow":["GET"]}}],"collection":[{"href":"https:\/\/www.fefoknives.com\/es\/wp-json\/wp\/v2\/product"}],"about":[{"href":"https:\/\/www.fefoknives.com\/es\/wp-json\/wp\/v2\/types\/product"}],"replies":[{"embeddable":true,"href":"https:\/\/www.fefoknives.com\/es\/wp-json\/wp\/v2\/comments?post=1423"}],"wp:featuredmedia":[{"embeddable":true,"href":"https:\/\/www.fefoknives.com\/es\/wp-json\/wp\/v2\/media\/1425"}],"wp:attachment":[{"href":"https:\/\/www.fefoknives.com\/es\/wp-json\/wp\/v2\/media?parent=1423"}],"wp:term":[{"taxonomy":"tudou_product_application","embeddable":true,"href":"https:\/\/www.fefoknives.com\/es\/wp-json\/wp\/v2\/tudou_product_application?post=1423"},{"taxonomy":"product_brand","embeddable":true,"href":"https:\/\/www.fefoknives.com\/es\/wp-json\/wp\/v2\/product_brand?post=1423"},{"taxonomy":"product_cat","embeddable":true,"href":"https:\/\/www.fefoknives.com\/es\/wp-json\/wp\/v2\/product_cat?post=1423"},{"taxonomy":"product_tag","embeddable":true,"href":"https:\/\/www.fefoknives.com\/es\/wp-json\/wp\/v2\/product_tag?post=1423"}],"curies":[{"name":"gracias","href":"https:\/\/api.w.org\/{rel}","templated":true}]}}