{"id":1043,"date":"2021-05-09T00:51:38","date_gmt":"2021-05-09T00:51:38","guid":{"rendered":"https:\/\/www.fefoknives.com\/?post_type=product&#038;p=1043"},"modified":"2021-11-01T01:27:16","modified_gmt":"2021-11-01T01:27:16","slug":"vent-trimming-machine-for-car-and-light-truck-tyres-from-chinese-manufacturer","status":"publish","type":"product","link":"https:\/\/www.fefoknives.com\/fr\/produit\/vent-trimming-machine-for-car-and-light-truck-tyres-from-chinese-manufacturer\/","title":{"rendered":"Machine de d\u00e9coupage des \u00e9vents pour pneus de voiture et de camion l\u00e9ger"},"content":{"rendered":"<p>Machines de coupe de ventilation de pneus.<\/p>","protected":false},"excerpt":{"rendered":"<p>Machines de coupe de ventilation de pneus.<\/p>","protected":false},"featured_media":1097,"comment_status":"open","ping_status":"closed","template":"","meta":{"_acf_changed":false,"_seopress_robots_primary_cat":"54","_seopress_titles_title":"Vent Trimming Machine for Car and Light Truck Tyres","_seopress_titles_desc":"Vent trimming machine is cutting the extra rubber flash when tyres after curing. We produce automatic tire vent trimming machines.","_seopress_robots_index":""},"tudou_product_application":[18],"product_brand":[],"product_cat":[54],"product_tag":[],"class_list":{"0":"post-1043","1":"product","2":"type-product","3":"status-publish","4":"has-post-thumbnail","6":"tudou_product_application-others","7":"product_cat-accessories-for-tire-machinery","8":"resize-featured-image","10":"first","11":"instock","12":"shipping-taxable","13":"product-type-simple"},"acf":[],"_links":{"self":[{"href":"https:\/\/www.fefoknives.com\/fr\/wp-json\/wp\/v2\/product\/1043","targetHints":{"allow":["GET"]}}],"collection":[{"href":"https:\/\/www.fefoknives.com\/fr\/wp-json\/wp\/v2\/product"}],"about":[{"href":"https:\/\/www.fefoknives.com\/fr\/wp-json\/wp\/v2\/types\/product"}],"replies":[{"embeddable":true,"href":"https:\/\/www.fefoknives.com\/fr\/wp-json\/wp\/v2\/comments?post=1043"}],"wp:featuredmedia":[{"embeddable":true,"href":"https:\/\/www.fefoknives.com\/fr\/wp-json\/wp\/v2\/media\/1097"}],"wp:attachment":[{"href":"https:\/\/www.fefoknives.com\/fr\/wp-json\/wp\/v2\/media?parent=1043"}],"wp:term":[{"taxonomy":"tudou_product_application","embeddable":true,"href":"https:\/\/www.fefoknives.com\/fr\/wp-json\/wp\/v2\/tudou_product_application?post=1043"},{"taxonomy":"product_brand","embeddable":true,"href":"https:\/\/www.fefoknives.com\/fr\/wp-json\/wp\/v2\/product_brand?post=1043"},{"taxonomy":"product_cat","embeddable":true,"href":"https:\/\/www.fefoknives.com\/fr\/wp-json\/wp\/v2\/product_cat?post=1043"},{"taxonomy":"product_tag","embeddable":true,"href":"https:\/\/www.fefoknives.com\/fr\/wp-json\/wp\/v2\/product_tag?post=1043"}],"curies":[{"name":"wp","href":"https:\/\/api.w.org\/{rel}","templated":true}]}}