{"id":1423,"date":"2021-08-11T03:56:07","date_gmt":"2021-08-11T03:56:07","guid":{"rendered":"https:\/\/www.fefoknives.com\/?post_type=product&#038;p=1423"},"modified":"2021-10-31T04:59:04","modified_gmt":"2021-10-31T04:59:04","slug":"tungsten-carbide-tire-vent-trimmer-cutters","status":"publish","type":"product","link":"https:\/\/www.fefoknives.com\/fr\/product\/tungsten-carbide-tire-vent-trimmer-cutters\/","title":{"rendered":"Coupe-bordures pour \u00e9vents de pneus en carbure de tungst\u00e8ne"},"content":{"rendered":"<div style=\"width: 544px;\" class=\"wp-video\"><video class=\"wp-video-shortcode\" id=\"video-1423-1\" width=\"544\" height=\"960\" preload=\"metadata\" controls=\"controls\"><source type=\"video\/mp4\" src=\"https:\/\/www.fefoknives.com\/wp-content\/uploads\/2021\/08\/tire-vent-cutters-from-china-supplier.mp4?_=1\" \/><a href=\"https:\/\/www.fefoknives.com\/wp-content\/uploads\/2021\/08\/tire-vent-cutters-from-china-supplier.mp4\">https:\/\/www.fefoknives.com\/wp-content\/uploads\/2021\/08\/tire-vent-cutters-from-china-supplier.mp4<\/a><\/video><\/div>\n<p><b>FeFo est l&#039;un des principaux fabricants chinois de lames industrielles et de couteaux m\u00e9caniques.<br \/>\nIl s&#039;agit d&#039;un coupe-vent en carbure de tungst\u00e8ne, utilis\u00e9 pour l&#039;industrie du pneu.<br \/>\nNous produisons \u00e0 la fois des coupe-vent pour utilisation \u00e0 la machine et \u00e0 la main, c&#039;est pour la machine de coupe pour \u00e9vent de pneus.<\/b><\/p>","protected":false},"excerpt":{"rendered":"<p>FeFo is a Chinese lead manufacturer of industrial blades and machine knives. This is tungsten carbide material vent trimming cutter, which used for tyre industry. We produce both machine use and hand use vent trimmers, this is for tyre vent trimming machine.<\/p>","protected":false},"featured_media":1425,"comment_status":"open","ping_status":"closed","template":"","meta":{"_acf_changed":false,"_seopress_robots_primary_cat":"","_seopress_titles_title":"Carbide cutters and knives for tire vent trimming machinery","_seopress_titles_desc":"FeFo produces tungsten carbide vent trimming cutters, which used for tyre industry. We produce both machine use and hand use vent trimmers.","_seopress_robots_index":""},"tudou_product_application":[21],"product_brand":[],"product_cat":[41,26],"product_tag":[],"class_list":{"0":"post-1423","1":"product","2":"type-product","3":"status-publish","4":"has-post-thumbnail","6":"tudou_product_application-rmachine-rubber-cutting-blades","7":"product_cat-custom-shaped-blades","8":"product_cat-wear-resistant-parts","9":"resize-featured-image","11":"first","12":"instock","13":"shipping-taxable","14":"product-type-simple"},"acf":[],"_links":{"self":[{"href":"https:\/\/www.fefoknives.com\/fr\/wp-json\/wp\/v2\/product\/1423","targetHints":{"allow":["GET"]}}],"collection":[{"href":"https:\/\/www.fefoknives.com\/fr\/wp-json\/wp\/v2\/product"}],"about":[{"href":"https:\/\/www.fefoknives.com\/fr\/wp-json\/wp\/v2\/types\/product"}],"replies":[{"embeddable":true,"href":"https:\/\/www.fefoknives.com\/fr\/wp-json\/wp\/v2\/comments?post=1423"}],"wp:featuredmedia":[{"embeddable":true,"href":"https:\/\/www.fefoknives.com\/fr\/wp-json\/wp\/v2\/media\/1425"}],"wp:attachment":[{"href":"https:\/\/www.fefoknives.com\/fr\/wp-json\/wp\/v2\/media?parent=1423"}],"wp:term":[{"taxonomy":"tudou_product_application","embeddable":true,"href":"https:\/\/www.fefoknives.com\/fr\/wp-json\/wp\/v2\/tudou_product_application?post=1423"},{"taxonomy":"product_brand","embeddable":true,"href":"https:\/\/www.fefoknives.com\/fr\/wp-json\/wp\/v2\/product_brand?post=1423"},{"taxonomy":"product_cat","embeddable":true,"href":"https:\/\/www.fefoknives.com\/fr\/wp-json\/wp\/v2\/product_cat?post=1423"},{"taxonomy":"product_tag","embeddable":true,"href":"https:\/\/www.fefoknives.com\/fr\/wp-json\/wp\/v2\/product_tag?post=1423"}],"curies":[{"name":"wp","href":"https:\/\/api.w.org\/{rel}","templated":true}]}}