{"id":1139,"date":"2021-05-21T10:00:31","date_gmt":"2021-05-21T10:00:31","guid":{"rendered":"https:\/\/www.fefoknives.com\/?post_type=product&#038;p=1139"},"modified":"2021-11-01T01:24:03","modified_gmt":"2021-11-01T01:24:03","slug":"pinvent-trimmers-from-china-factory","status":"publish","type":"product","link":"https:\/\/www.fefoknives.com\/tr\/urun\/pinvent-trimmers-from-china-factory\/","title":{"rendered":"Lastik end\u00fcstrisi i\u00e7in pimli havaland\u0131rma kesme b\u0131\u00e7aklar\u0131"},"content":{"rendered":"<div style=\"width: 960px;\" class=\"wp-video\"><video class=\"wp-video-shortcode\" id=\"video-1139-1\" width=\"960\" height=\"544\" preload=\"metadata\" controls=\"controls\"><source type=\"video\/mp4\" src=\"https:\/\/www.fefoknives.com\/wp-content\/uploads\/2021\/05\/rubber-tire-vent-trimming-knives.mp4?_=1\" \/><a href=\"https:\/\/www.fefoknives.com\/wp-content\/uploads\/2021\/05\/rubber-tire-vent-trimming-knives.mp4\">https:\/\/www.fefoknives.com\/wp-content\/uploads\/2021\/05\/rubber-tire-vent-trimming-knives.mp4<\/a><\/video><\/div>","protected":false},"excerpt":{"rendered":"","protected":false},"featured_media":32,"comment_status":"open","ping_status":"closed","template":"","meta":{"_acf_changed":false,"_seopress_robots_primary_cat":"41","_seopress_titles_title":"Pin vent trimming knives for tire industry tyre vent trimming knives","_seopress_titles_desc":"Pin vent trimmer knives are our special products, we can produce in HSS, SKH, 65Mn, Tungsten carbide materials, for hand and machine use.","_seopress_robots_index":""},"tudou_product_application":[21,22],"product_brand":[],"product_cat":[41,26],"product_tag":[],"class_list":{"0":"post-1139","1":"product","2":"type-product","3":"status-publish","4":"has-post-thumbnail","6":"tudou_product_application-rmachine-rubber-cutting-blades","7":"tudou_product_application-rubber-cutting-blades","8":"product_cat-custom-shaped-blades","9":"product_cat-wear-resistant-parts","10":"resize-featured-image","12":"first","13":"instock","14":"shipping-taxable","15":"product-type-simple"},"acf":[],"_links":{"self":[{"href":"https:\/\/www.fefoknives.com\/tr\/wp-json\/wp\/v2\/product\/1139","targetHints":{"allow":["GET"]}}],"collection":[{"href":"https:\/\/www.fefoknives.com\/tr\/wp-json\/wp\/v2\/product"}],"about":[{"href":"https:\/\/www.fefoknives.com\/tr\/wp-json\/wp\/v2\/types\/product"}],"replies":[{"embeddable":true,"href":"https:\/\/www.fefoknives.com\/tr\/wp-json\/wp\/v2\/comments?post=1139"}],"wp:featuredmedia":[{"embeddable":true,"href":"https:\/\/www.fefoknives.com\/tr\/wp-json\/wp\/v2\/media\/32"}],"wp:attachment":[{"href":"https:\/\/www.fefoknives.com\/tr\/wp-json\/wp\/v2\/media?parent=1139"}],"wp:term":[{"taxonomy":"tudou_product_application","embeddable":true,"href":"https:\/\/www.fefoknives.com\/tr\/wp-json\/wp\/v2\/tudou_product_application?post=1139"},{"taxonomy":"product_brand","embeddable":true,"href":"https:\/\/www.fefoknives.com\/tr\/wp-json\/wp\/v2\/product_brand?post=1139"},{"taxonomy":"product_cat","embeddable":true,"href":"https:\/\/www.fefoknives.com\/tr\/wp-json\/wp\/v2\/product_cat?post=1139"},{"taxonomy":"product_tag","embeddable":true,"href":"https:\/\/www.fefoknives.com\/tr\/wp-json\/wp\/v2\/product_tag?post=1139"}],"curies":[{"name":"wp","href":"https:\/\/api.w.org\/{rel}","templated":true}]}}