{"id":116,"date":"2020-10-19T03:14:55","date_gmt":"2020-10-19T03:14:55","guid":{"rendered":"https:\/\/www.fefoknives.com\/?post_type=product&#038;p=116"},"modified":"2021-06-12T00:38:03","modified_gmt":"2021-06-12T00:38:03","slug":"bottom-circular-knife-from-china","status":"publish","type":"product","link":"https:\/\/www.fefoknives.com\/tr\/urun\/bottom-circular-knife-from-china\/","title":{"rendered":"\u00c7in&#039;den alt dairesel b\u0131\u00e7ak"},"content":{"rendered":"<div style=\"width: 544px;\" class=\"wp-video\"><video class=\"wp-video-shortcode\" id=\"video-116-1\" width=\"544\" height=\"960\" preload=\"metadata\" controls=\"controls\"><source type=\"video\/mp4\" src=\"https:\/\/www.fefoknives.com\/wp-content\/uploads\/2021\/05\/bottom-cutting-blade-knife.mp4?_=1\" \/><a href=\"https:\/\/www.fefoknives.com\/wp-content\/uploads\/2021\/05\/bottom-cutting-blade-knife.mp4\">https:\/\/www.fefoknives.com\/wp-content\/uploads\/2021\/05\/bottom-cutting-blade-knife.mp4<\/a><\/video><\/div>","protected":false},"excerpt":{"rendered":"","protected":false},"featured_media":113,"comment_status":"open","ping_status":"closed","template":"","meta":{"_acf_changed":false,"_seopress_robots_primary_cat":"","_seopress_titles_title":"Bottom circular cutting knives blades from china manufacturer","_seopress_titles_desc":"FeFo circular knives are used for Rubber tire, hose, belting, paper, packaging, film, Foam, Leather, Textiles, Tobacco, foils.","_seopress_robots_index":""},"tudou_product_application":[28,18,29,27,22],"product_brand":[],"product_cat":[24],"product_tag":[],"class_list":{"0":"post-116","1":"product","2":"type-product","3":"status-publish","4":"has-post-thumbnail","6":"tudou_product_application-metalworking-knives","7":"tudou_product_application-others","8":"tudou_product_application-packaging-blades","9":"tudou_product_application-paper-cutting-blades","10":"tudou_product_application-rubber-cutting-blades","11":"product_cat-circular-knives-blades","12":"resize-featured-image","14":"first","15":"instock","16":"shipping-taxable","17":"product-type-simple"},"acf":[],"_links":{"self":[{"href":"https:\/\/www.fefoknives.com\/tr\/wp-json\/wp\/v2\/product\/116","targetHints":{"allow":["GET"]}}],"collection":[{"href":"https:\/\/www.fefoknives.com\/tr\/wp-json\/wp\/v2\/product"}],"about":[{"href":"https:\/\/www.fefoknives.com\/tr\/wp-json\/wp\/v2\/types\/product"}],"replies":[{"embeddable":true,"href":"https:\/\/www.fefoknives.com\/tr\/wp-json\/wp\/v2\/comments?post=116"}],"wp:featuredmedia":[{"embeddable":true,"href":"https:\/\/www.fefoknives.com\/tr\/wp-json\/wp\/v2\/media\/113"}],"wp:attachment":[{"href":"https:\/\/www.fefoknives.com\/tr\/wp-json\/wp\/v2\/media?parent=116"}],"wp:term":[{"taxonomy":"tudou_product_application","embeddable":true,"href":"https:\/\/www.fefoknives.com\/tr\/wp-json\/wp\/v2\/tudou_product_application?post=116"},{"taxonomy":"product_brand","embeddable":true,"href":"https:\/\/www.fefoknives.com\/tr\/wp-json\/wp\/v2\/product_brand?post=116"},{"taxonomy":"product_cat","embeddable":true,"href":"https:\/\/www.fefoknives.com\/tr\/wp-json\/wp\/v2\/product_cat?post=116"},{"taxonomy":"product_tag","embeddable":true,"href":"https:\/\/www.fefoknives.com\/tr\/wp-json\/wp\/v2\/product_tag?post=116"}],"curies":[{"name":"wp","href":"https:\/\/api.w.org\/{rel}","templated":true}]}}