{"id":125,"date":"2020-10-19T04:33:35","date_gmt":"2020-10-19T04:33:35","guid":{"rendered":"https:\/\/www.fefoknives.com\/?post_type=product&#038;p=125"},"modified":"2021-06-11T09:09:09","modified_gmt":"2021-06-11T09:09:09","slug":"china-manufacturer-for-industrial-blades-and-machine-knives","status":"publish","type":"product","link":"https:\/\/www.fefoknives.com\/tr\/urun\/china-manufacturer-for-industrial-blades-and-machine-knives\/","title":{"rendered":"Kesme makineleri i\u00e7in yar\u0131m daire b\u0131\u00e7ak"},"content":{"rendered":"<div style=\"width: 960px;\" class=\"wp-video\"><video class=\"wp-video-shortcode\" id=\"video-125-1\" width=\"960\" height=\"544\" preload=\"metadata\" controls=\"controls\"><source type=\"video\/mp4\" src=\"https:\/\/www.fefoknives.com\/wp-content\/uploads\/2020\/10\/china-circular-slitter-cutter.mp4?_=1\" \/><a href=\"https:\/\/www.fefoknives.com\/wp-content\/uploads\/2020\/10\/china-circular-slitter-cutter.mp4\">https:\/\/www.fefoknives.com\/wp-content\/uploads\/2020\/10\/china-circular-slitter-cutter.mp4<\/a><\/video><\/div>","protected":false},"excerpt":{"rendered":"","protected":false},"featured_media":126,"comment_status":"open","ping_status":"closed","template":"","meta":{"_acf_changed":false,"_seopress_robots_primary_cat":"","_seopress_titles_title":"Machine Blades Manufacturer with High Precision and Tooling","_seopress_titles_desc":"circle blades, metal blades,film cutting blades, packaging blades, paper blades, rubber cutting blades, plastic cutting blades.","_seopress_robots_index":""},"tudou_product_application":[29,22],"product_brand":[],"product_cat":[24],"product_tag":[],"class_list":{"0":"post-125","1":"product","2":"type-product","3":"status-publish","4":"has-post-thumbnail","6":"tudou_product_application-packaging-blades","7":"tudou_product_application-rubber-cutting-blades","8":"product_cat-circular-knives-blades","9":"resize-featured-image","11":"first","12":"instock","13":"shipping-taxable","14":"product-type-simple"},"acf":[],"_links":{"self":[{"href":"https:\/\/www.fefoknives.com\/tr\/wp-json\/wp\/v2\/product\/125","targetHints":{"allow":["GET"]}}],"collection":[{"href":"https:\/\/www.fefoknives.com\/tr\/wp-json\/wp\/v2\/product"}],"about":[{"href":"https:\/\/www.fefoknives.com\/tr\/wp-json\/wp\/v2\/types\/product"}],"replies":[{"embeddable":true,"href":"https:\/\/www.fefoknives.com\/tr\/wp-json\/wp\/v2\/comments?post=125"}],"wp:featuredmedia":[{"embeddable":true,"href":"https:\/\/www.fefoknives.com\/tr\/wp-json\/wp\/v2\/media\/126"}],"wp:attachment":[{"href":"https:\/\/www.fefoknives.com\/tr\/wp-json\/wp\/v2\/media?parent=125"}],"wp:term":[{"taxonomy":"tudou_product_application","embeddable":true,"href":"https:\/\/www.fefoknives.com\/tr\/wp-json\/wp\/v2\/tudou_product_application?post=125"},{"taxonomy":"product_brand","embeddable":true,"href":"https:\/\/www.fefoknives.com\/tr\/wp-json\/wp\/v2\/product_brand?post=125"},{"taxonomy":"product_cat","embeddable":true,"href":"https:\/\/www.fefoknives.com\/tr\/wp-json\/wp\/v2\/product_cat?post=125"},{"taxonomy":"product_tag","embeddable":true,"href":"https:\/\/www.fefoknives.com\/tr\/wp-json\/wp\/v2\/product_tag?post=125"}],"curies":[{"name":"wp","href":"https:\/\/api.w.org\/{rel}","templated":true}]}}