{"id":1339,"date":"2021-06-17T01:21:49","date_gmt":"2021-06-17T01:21:49","guid":{"rendered":"https:\/\/www.fefoknives.com\/?post_type=product&#038;p=1339"},"modified":"2021-11-01T00:57:17","modified_gmt":"2021-11-01T00:57:17","slug":"tobacco-cutters-knives-for-tobacco-cutting-machinery","status":"publish","type":"product","link":"https:\/\/www.fefoknives.com\/tr\/urun\/tobacco-cutters-knives-for-tobacco-cutting-machinery\/","title":{"rendered":"Tunsten karb\u00fcr t\u00fct\u00fcn kesme b\u0131\u00e7aklar\u0131"},"content":{"rendered":"<div style=\"width: 960px;\" class=\"wp-video\"><video class=\"wp-video-shortcode\" id=\"video-1339-1\" width=\"960\" height=\"544\" preload=\"metadata\" controls=\"controls\"><source type=\"video\/mp4\" src=\"https:\/\/www.fefoknives.com\/wp-content\/uploads\/2020\/10\/china-circular-slitter-cutter.mp4?_=1\" \/><a href=\"https:\/\/www.fefoknives.com\/wp-content\/uploads\/2020\/10\/china-circular-slitter-cutter.mp4\">https:\/\/www.fefoknives.com\/wp-content\/uploads\/2020\/10\/china-circular-slitter-cutter.mp4<\/a><\/video><\/div>","protected":false},"excerpt":{"rendered":"","protected":false},"featured_media":1340,"comment_status":"open","ping_status":"closed","template":"","meta":{"_acf_changed":false,"_seopress_robots_primary_cat":"24","_seopress_titles_title":"Cutting knives for industrial tobacco cutting machinery","_seopress_titles_desc":"FeFo produces cutting knives and the auxiliary parts for tobacco industry. Produced mainly from tungsten carbide, HSS and SKH...","_seopress_robots_index":""},"tudou_product_application":[18,29,27,22],"product_brand":[],"product_cat":[24],"product_tag":[],"class_list":{"0":"post-1339","1":"product","2":"type-product","3":"status-publish","4":"has-post-thumbnail","6":"tudou_product_application-others","7":"tudou_product_application-packaging-blades","8":"tudou_product_application-paper-cutting-blades","9":"tudou_product_application-rubber-cutting-blades","10":"product_cat-circular-knives-blades","11":"resize-featured-image","13":"first","14":"instock","15":"shipping-taxable","16":"product-type-simple"},"acf":[],"_links":{"self":[{"href":"https:\/\/www.fefoknives.com\/tr\/wp-json\/wp\/v2\/product\/1339","targetHints":{"allow":["GET"]}}],"collection":[{"href":"https:\/\/www.fefoknives.com\/tr\/wp-json\/wp\/v2\/product"}],"about":[{"href":"https:\/\/www.fefoknives.com\/tr\/wp-json\/wp\/v2\/types\/product"}],"replies":[{"embeddable":true,"href":"https:\/\/www.fefoknives.com\/tr\/wp-json\/wp\/v2\/comments?post=1339"}],"wp:featuredmedia":[{"embeddable":true,"href":"https:\/\/www.fefoknives.com\/tr\/wp-json\/wp\/v2\/media\/1340"}],"wp:attachment":[{"href":"https:\/\/www.fefoknives.com\/tr\/wp-json\/wp\/v2\/media?parent=1339"}],"wp:term":[{"taxonomy":"tudou_product_application","embeddable":true,"href":"https:\/\/www.fefoknives.com\/tr\/wp-json\/wp\/v2\/tudou_product_application?post=1339"},{"taxonomy":"product_brand","embeddable":true,"href":"https:\/\/www.fefoknives.com\/tr\/wp-json\/wp\/v2\/product_brand?post=1339"},{"taxonomy":"product_cat","embeddable":true,"href":"https:\/\/www.fefoknives.com\/tr\/wp-json\/wp\/v2\/product_cat?post=1339"},{"taxonomy":"product_tag","embeddable":true,"href":"https:\/\/www.fefoknives.com\/tr\/wp-json\/wp\/v2\/product_tag?post=1339"}],"curies":[{"name":"wp","href":"https:\/\/api.w.org\/{rel}","templated":true}]}}