{"id":1370,"date":"2021-08-01T08:14:59","date_gmt":"2021-08-01T08:14:59","guid":{"rendered":"https:\/\/www.fefoknives.com\/?post_type=product&#038;p=1370"},"modified":"2021-08-01T08:14:59","modified_gmt":"2021-08-01T08:14:59","slug":"tin-coating-serrated-knives-for-packaging-machine","status":"publish","type":"product","link":"https:\/\/www.fefoknives.com\/tr\/urun\/tin-coating-serrated-knives-for-packaging-machine\/","title":{"rendered":"Paketleme makinesi i\u00e7in Kalay Kaplama t\u0131rt\u0131kl\u0131 b\u0131\u00e7aklar"},"content":{"rendered":"<div style=\"width: 640px;\" class=\"wp-video\"><video class=\"wp-video-shortcode\" id=\"video-1370-1\" width=\"640\" height=\"368\" preload=\"metadata\" controls=\"controls\"><source type=\"video\/mp4\" src=\"https:\/\/www.fefoknives.com\/wp-content\/uploads\/2021\/08\/Tin-coated-serrated-knives-for-packing.mp4?_=1\" \/><a href=\"https:\/\/www.fefoknives.com\/wp-content\/uploads\/2021\/08\/Tin-coated-serrated-knives-for-packing.mp4\">https:\/\/www.fefoknives.com\/wp-content\/uploads\/2021\/08\/Tin-coated-serrated-knives-for-packing.mp4<\/a><\/video><\/div>","protected":false},"excerpt":{"rendered":"","protected":false},"featured_media":1372,"comment_status":"open","ping_status":"closed","template":"","meta":{"_acf_changed":false,"_seopress_robots_primary_cat":"23","_seopress_titles_title":"Tin coating serrated knives for packaging machinery","_seopress_titles_desc":"Tin coating serrated saw knives for cutting packaging materials, like PVC, film, Wrappers, Wavy, Sacks, Tetrapack.","_seopress_robots_index":""},"tudou_product_application":[29],"product_brand":[],"product_cat":[23],"product_tag":[],"class_list":{"0":"post-1370","1":"product","2":"type-product","3":"status-publish","4":"has-post-thumbnail","6":"tudou_product_application-packaging-blades","7":"product_cat-saw-blades","8":"resize-featured-image","10":"first","11":"instock","12":"shipping-taxable","13":"product-type-simple"},"acf":[],"_links":{"self":[{"href":"https:\/\/www.fefoknives.com\/tr\/wp-json\/wp\/v2\/product\/1370","targetHints":{"allow":["GET"]}}],"collection":[{"href":"https:\/\/www.fefoknives.com\/tr\/wp-json\/wp\/v2\/product"}],"about":[{"href":"https:\/\/www.fefoknives.com\/tr\/wp-json\/wp\/v2\/types\/product"}],"replies":[{"embeddable":true,"href":"https:\/\/www.fefoknives.com\/tr\/wp-json\/wp\/v2\/comments?post=1370"}],"wp:featuredmedia":[{"embeddable":true,"href":"https:\/\/www.fefoknives.com\/tr\/wp-json\/wp\/v2\/media\/1372"}],"wp:attachment":[{"href":"https:\/\/www.fefoknives.com\/tr\/wp-json\/wp\/v2\/media?parent=1370"}],"wp:term":[{"taxonomy":"tudou_product_application","embeddable":true,"href":"https:\/\/www.fefoknives.com\/tr\/wp-json\/wp\/v2\/tudou_product_application?post=1370"},{"taxonomy":"product_brand","embeddable":true,"href":"https:\/\/www.fefoknives.com\/tr\/wp-json\/wp\/v2\/product_brand?post=1370"},{"taxonomy":"product_cat","embeddable":true,"href":"https:\/\/www.fefoknives.com\/tr\/wp-json\/wp\/v2\/product_cat?post=1370"},{"taxonomy":"product_tag","embeddable":true,"href":"https:\/\/www.fefoknives.com\/tr\/wp-json\/wp\/v2\/product_tag?post=1370"}],"curies":[{"name":"wp","href":"https:\/\/api.w.org\/{rel}","templated":true}]}}