{"id":1441,"date":"2021-08-16T12:23:57","date_gmt":"2021-08-16T12:23:57","guid":{"rendered":"https:\/\/www.fefoknives.com\/?post_type=product&#038;p=1441"},"modified":"2021-08-16T12:23:57","modified_gmt":"2021-08-16T12:23:57","slug":"slitting-cutter-knife-for-bathroom-tissue","status":"publish","type":"product","link":"https:\/\/www.fefoknives.com\/tr\/urun\/slitting-cutter-knife-for-bathroom-tissue\/","title":{"rendered":"Banyo Mendil i\u00e7in dilme kesici b\u0131\u00e7ak"},"content":{"rendered":"<div style=\"width: 960px;\" class=\"wp-video\"><video class=\"wp-video-shortcode\" id=\"video-1441-1\" width=\"960\" height=\"528\" preload=\"metadata\" controls=\"controls\"><source type=\"video\/mp4\" src=\"https:\/\/www.fefoknives.com\/wp-content\/uploads\/2021\/08\/china-blades-manufacturer.mp4?_=1\" \/><a href=\"https:\/\/www.fefoknives.com\/wp-content\/uploads\/2021\/08\/china-blades-manufacturer.mp4\">https:\/\/www.fefoknives.com\/wp-content\/uploads\/2021\/08\/china-blades-manufacturer.mp4<\/a><\/video><\/div>","protected":false},"excerpt":{"rendered":"","protected":false},"featured_media":1232,"comment_status":"open","ping_status":"closed","template":"","meta":{"_acf_changed":false,"_seopress_robots_primary_cat":"24","_seopress_titles_title":"Carbide slitting cutter for slitting paper, bathroom tissue","_seopress_titles_desc":"China FeFo manufacturesmachine blades and industrial knives, in HSS, tungsten carbide, D2, M2, SKH...materilas.","_seopress_robots_index":""},"tudou_product_application":[28,18,29],"product_brand":[],"product_cat":[24],"product_tag":[],"class_list":{"0":"post-1441","1":"product","2":"type-product","3":"status-publish","4":"has-post-thumbnail","6":"tudou_product_application-metalworking-knives","7":"tudou_product_application-others","8":"tudou_product_application-packaging-blades","9":"product_cat-circular-knives-blades","10":"resize-featured-image","12":"first","13":"instock","14":"shipping-taxable","15":"product-type-simple"},"acf":[],"_links":{"self":[{"href":"https:\/\/www.fefoknives.com\/tr\/wp-json\/wp\/v2\/product\/1441","targetHints":{"allow":["GET"]}}],"collection":[{"href":"https:\/\/www.fefoknives.com\/tr\/wp-json\/wp\/v2\/product"}],"about":[{"href":"https:\/\/www.fefoknives.com\/tr\/wp-json\/wp\/v2\/types\/product"}],"replies":[{"embeddable":true,"href":"https:\/\/www.fefoknives.com\/tr\/wp-json\/wp\/v2\/comments?post=1441"}],"wp:featuredmedia":[{"embeddable":true,"href":"https:\/\/www.fefoknives.com\/tr\/wp-json\/wp\/v2\/media\/1232"}],"wp:attachment":[{"href":"https:\/\/www.fefoknives.com\/tr\/wp-json\/wp\/v2\/media?parent=1441"}],"wp:term":[{"taxonomy":"tudou_product_application","embeddable":true,"href":"https:\/\/www.fefoknives.com\/tr\/wp-json\/wp\/v2\/tudou_product_application?post=1441"},{"taxonomy":"product_brand","embeddable":true,"href":"https:\/\/www.fefoknives.com\/tr\/wp-json\/wp\/v2\/product_brand?post=1441"},{"taxonomy":"product_cat","embeddable":true,"href":"https:\/\/www.fefoknives.com\/tr\/wp-json\/wp\/v2\/product_cat?post=1441"},{"taxonomy":"product_tag","embeddable":true,"href":"https:\/\/www.fefoknives.com\/tr\/wp-json\/wp\/v2\/product_tag?post=1441"}],"curies":[{"name":"wp","href":"https:\/\/api.w.org\/{rel}","templated":true}]}}