{"id":1498,"date":"2021-09-10T08:12:24","date_gmt":"2021-09-10T08:12:24","guid":{"rendered":"https:\/\/www.fefoknives.com\/?post_type=product&#038;p=1498"},"modified":"2021-09-10T08:22:07","modified_gmt":"2021-09-10T08:22:07","slug":"wood-shredder-machinery-mulcher-blades","status":"publish","type":"product","link":"https:\/\/www.fefoknives.com\/tr\/product\/wood-shredder-machinery-mulcher-blades\/","title":{"rendered":"Odun par\u00e7alay\u0131c\u0131 par\u00e7alay\u0131c\u0131 b\u0131\u00e7aklar\u0131"},"content":{"rendered":"<div style=\"width: 960px;\" class=\"wp-video\"><video class=\"wp-video-shortcode\" id=\"video-1498-1\" width=\"960\" height=\"528\" preload=\"metadata\" controls=\"controls\"><source type=\"video\/mp4\" src=\"https:\/\/www.fefoknives.com\/wp-content\/uploads\/2021\/09\/china-blades-manufacturer.mp4?_=1\" \/><a href=\"https:\/\/www.fefoknives.com\/wp-content\/uploads\/2021\/09\/china-blades-manufacturer.mp4\">https:\/\/www.fefoknives.com\/wp-content\/uploads\/2021\/09\/china-blades-manufacturer.mp4<\/a><\/video><\/div>","protected":false},"excerpt":{"rendered":"","protected":false},"featured_media":1513,"comment_status":"open","ping_status":"closed","template":"","meta":{"_acf_changed":false,"_seopress_robots_primary_cat":"19","_seopress_titles_title":"Gasoline Shredder blades for wood chipper machine","_seopress_titles_desc":"FEFO manufacture straight blade for wood branch shredder machine. wood chipper cutter length 180-600mm. width 55-120. Thickness 7-22","_seopress_robots_index":""},"tudou_product_application":[18],"product_brand":[],"product_cat":[41,19],"product_tag":[],"class_list":{"0":"post-1498","1":"product","2":"type-product","3":"status-publish","4":"has-post-thumbnail","6":"tudou_product_application-others","7":"product_cat-custom-shaped-blades","8":"product_cat-straight-blades-knives","9":"resize-featured-image","11":"first","12":"instock","13":"shipping-taxable","14":"product-type-simple"},"acf":[],"_links":{"self":[{"href":"https:\/\/www.fefoknives.com\/tr\/wp-json\/wp\/v2\/product\/1498","targetHints":{"allow":["GET"]}}],"collection":[{"href":"https:\/\/www.fefoknives.com\/tr\/wp-json\/wp\/v2\/product"}],"about":[{"href":"https:\/\/www.fefoknives.com\/tr\/wp-json\/wp\/v2\/types\/product"}],"replies":[{"embeddable":true,"href":"https:\/\/www.fefoknives.com\/tr\/wp-json\/wp\/v2\/comments?post=1498"}],"wp:featuredmedia":[{"embeddable":true,"href":"https:\/\/www.fefoknives.com\/tr\/wp-json\/wp\/v2\/media\/1513"}],"wp:attachment":[{"href":"https:\/\/www.fefoknives.com\/tr\/wp-json\/wp\/v2\/media?parent=1498"}],"wp:term":[{"taxonomy":"tudou_product_application","embeddable":true,"href":"https:\/\/www.fefoknives.com\/tr\/wp-json\/wp\/v2\/tudou_product_application?post=1498"},{"taxonomy":"product_brand","embeddable":true,"href":"https:\/\/www.fefoknives.com\/tr\/wp-json\/wp\/v2\/product_brand?post=1498"},{"taxonomy":"product_cat","embeddable":true,"href":"https:\/\/www.fefoknives.com\/tr\/wp-json\/wp\/v2\/product_cat?post=1498"},{"taxonomy":"product_tag","embeddable":true,"href":"https:\/\/www.fefoknives.com\/tr\/wp-json\/wp\/v2\/product_tag?post=1498"}],"curies":[{"name":"wp","href":"https:\/\/api.w.org\/{rel}","templated":true}]}}