{"id":163,"date":"2020-10-26T12:48:22","date_gmt":"2020-10-26T12:48:22","guid":{"rendered":"https:\/\/www.fefoknives.com\/?post_type=product&#038;p=163"},"modified":"2021-06-09T13:12:59","modified_gmt":"2021-06-09T13:12:59","slug":"tire-equipment-components-cordsteel-plate","status":"publish","type":"product","link":"https:\/\/www.fefoknives.com\/tr\/product\/tire-equipment-components-cordsteel-plate\/","title":{"rendered":"Lastik ekipman bile\u015fenleri kord \u00e7elik levha"},"content":{"rendered":"<div style=\"width: 544px;\" class=\"wp-video\"><video class=\"wp-video-shortcode\" id=\"video-163-1\" width=\"544\" height=\"960\" preload=\"metadata\" controls=\"controls\"><source type=\"video\/mp4\" src=\"https:\/\/www.fefoknives.com\/wp-content\/uploads\/2020\/10\/Fefo-machine-and-industry-knives.mp4?_=1\" \/><a href=\"https:\/\/www.fefoknives.com\/wp-content\/uploads\/2020\/10\/Fefo-machine-and-industry-knives.mp4\">https:\/\/www.fefoknives.com\/wp-content\/uploads\/2020\/10\/Fefo-machine-and-industry-knives.mp4<\/a><\/video><\/div>\n<p>Ambalaj, Oluklu mukavva, Metal dilme, Plastik par\u00e7alama, ah\u015fap i\u015fleme i\u00e7in end\u00fcstriyel b\u0131\u00e7aklar \u00e7izimlerinize veya \u00f6rneklerinize g\u00f6re de \u00fcretilebilir.<\/p>","protected":false},"excerpt":{"rendered":"<p>Ambalaj, Oluklu mukavva, Metal dilme, Plastik par\u00e7alama, ah\u015fap i\u015fleme i\u00e7in end\u00fcstriyel b\u0131\u00e7aklar \u00e7izimlerinize veya \u00f6rneklerinize g\u00f6re de \u00fcretilebilir.<\/p>","protected":false},"featured_media":169,"comment_status":"open","ping_status":"closed","template":"","meta":{"_acf_changed":false,"_seopress_robots_primary_cat":"","_seopress_titles_title":"Cord steel wheels wire plate for rubber tire equipments","_seopress_titles_desc":"industrial knives are produced according to your drawings or samples, for Packaging, Corrugator, Metal slitting, Plastic shredding...","_seopress_robots_index":"","_seopress_analysis_target_kw":"cordsteel plate wear parts"},"tudou_product_application":[22],"product_brand":[],"product_cat":[26],"product_tag":[],"class_list":{"0":"post-163","1":"product","2":"type-product","3":"status-publish","4":"has-post-thumbnail","6":"tudou_product_application-rubber-cutting-blades","7":"product_cat-wear-resistant-parts","8":"resize-featured-image","10":"first","11":"instock","12":"shipping-taxable","13":"product-type-simple"},"acf":[],"_links":{"self":[{"href":"https:\/\/www.fefoknives.com\/tr\/wp-json\/wp\/v2\/product\/163","targetHints":{"allow":["GET"]}}],"collection":[{"href":"https:\/\/www.fefoknives.com\/tr\/wp-json\/wp\/v2\/product"}],"about":[{"href":"https:\/\/www.fefoknives.com\/tr\/wp-json\/wp\/v2\/types\/product"}],"replies":[{"embeddable":true,"href":"https:\/\/www.fefoknives.com\/tr\/wp-json\/wp\/v2\/comments?post=163"}],"wp:featuredmedia":[{"embeddable":true,"href":"https:\/\/www.fefoknives.com\/tr\/wp-json\/wp\/v2\/media\/169"}],"wp:attachment":[{"href":"https:\/\/www.fefoknives.com\/tr\/wp-json\/wp\/v2\/media?parent=163"}],"wp:term":[{"taxonomy":"tudou_product_application","embeddable":true,"href":"https:\/\/www.fefoknives.com\/tr\/wp-json\/wp\/v2\/tudou_product_application?post=163"},{"taxonomy":"product_brand","embeddable":true,"href":"https:\/\/www.fefoknives.com\/tr\/wp-json\/wp\/v2\/product_brand?post=163"},{"taxonomy":"product_cat","embeddable":true,"href":"https:\/\/www.fefoknives.com\/tr\/wp-json\/wp\/v2\/product_cat?post=163"},{"taxonomy":"product_tag","embeddable":true,"href":"https:\/\/www.fefoknives.com\/tr\/wp-json\/wp\/v2\/product_tag?post=163"}],"curies":[{"name":"wp","href":"https:\/\/api.w.org\/{rel}","templated":true}]}}