{"id":1964,"date":"2022-02-25T14:04:19","date_gmt":"2022-02-25T14:04:19","guid":{"rendered":"https:\/\/www.fefoknives.com\/?post_type=product&#038;p=1964"},"modified":"2022-02-25T14:04:19","modified_gmt":"2022-02-25T14:04:19","slug":"customized-hand-knife-for-cutting-rubber","status":"publish","type":"product","link":"https:\/\/www.fefoknives.com\/tr\/urun\/customized-hand-knife-for-cutting-rubber\/","title":{"rendered":"Kau\u00e7uk kesmek i\u00e7in \u00f6zelle\u015ftirilmi\u015f El b\u0131\u00e7a\u011f\u0131"},"content":{"rendered":"<div style=\"width: 720px;\" class=\"wp-video\"><video class=\"wp-video-shortcode\" id=\"video-1964-1\" width=\"720\" height=\"1280\" preload=\"metadata\" controls=\"controls\"><source type=\"video\/mp4\" src=\"https:\/\/www.fefoknives.com\/wp-content\/uploads\/2022\/02\/rubber-trimmer.mp4?_=1\" \/><a href=\"https:\/\/www.fefoknives.com\/wp-content\/uploads\/2022\/02\/rubber-trimmer.mp4\">https:\/\/www.fefoknives.com\/wp-content\/uploads\/2022\/02\/rubber-trimmer.mp4<\/a><\/video><\/div>\n<p>poli\u00fcretan<\/p>","protected":false},"excerpt":{"rendered":"<p>poli\u00fcretan<\/p>","protected":false},"featured_media":1968,"comment_status":"open","ping_status":"closed","template":"","meta":{"_acf_changed":false,"_seopress_robots_primary_cat":"41","_seopress_titles_title":"Hand knife cutting tool for rubber and tire industry","_seopress_titles_desc":"This is customized hand knife for cutting rubber, polyurethane, plastic,etc. It with V shaped cutting edge, very sharp cutting tool.","_seopress_robots_index":""},"tudou_product_application":[28,29,27,22],"product_brand":[],"product_cat":[41],"product_tag":[],"class_list":{"0":"post-1964","1":"product","2":"type-product","3":"status-publish","4":"has-post-thumbnail","6":"tudou_product_application-metalworking-knives","7":"tudou_product_application-packaging-blades","8":"tudou_product_application-paper-cutting-blades","9":"tudou_product_application-rubber-cutting-blades","10":"product_cat-custom-shaped-blades","11":"resize-featured-image","13":"first","14":"instock","15":"shipping-taxable","16":"product-type-simple"},"acf":[],"_links":{"self":[{"href":"https:\/\/www.fefoknives.com\/tr\/wp-json\/wp\/v2\/product\/1964","targetHints":{"allow":["GET"]}}],"collection":[{"href":"https:\/\/www.fefoknives.com\/tr\/wp-json\/wp\/v2\/product"}],"about":[{"href":"https:\/\/www.fefoknives.com\/tr\/wp-json\/wp\/v2\/types\/product"}],"replies":[{"embeddable":true,"href":"https:\/\/www.fefoknives.com\/tr\/wp-json\/wp\/v2\/comments?post=1964"}],"wp:featuredmedia":[{"embeddable":true,"href":"https:\/\/www.fefoknives.com\/tr\/wp-json\/wp\/v2\/media\/1968"}],"wp:attachment":[{"href":"https:\/\/www.fefoknives.com\/tr\/wp-json\/wp\/v2\/media?parent=1964"}],"wp:term":[{"taxonomy":"tudou_product_application","embeddable":true,"href":"https:\/\/www.fefoknives.com\/tr\/wp-json\/wp\/v2\/tudou_product_application?post=1964"},{"taxonomy":"product_brand","embeddable":true,"href":"https:\/\/www.fefoknives.com\/tr\/wp-json\/wp\/v2\/product_brand?post=1964"},{"taxonomy":"product_cat","embeddable":true,"href":"https:\/\/www.fefoknives.com\/tr\/wp-json\/wp\/v2\/product_cat?post=1964"},{"taxonomy":"product_tag","embeddable":true,"href":"https:\/\/www.fefoknives.com\/tr\/wp-json\/wp\/v2\/product_tag?post=1964"}],"curies":[{"name":"wp","href":"https:\/\/api.w.org\/{rel}","templated":true}]}}