{"id":1971,"date":"2022-03-02T13:21:41","date_gmt":"2022-03-02T13:21:41","guid":{"rendered":"https:\/\/www.fefoknives.com\/?post_type=product&#038;p=1971"},"modified":"2022-03-02T13:21:41","modified_gmt":"2022-03-02T13:21:41","slug":"single-and-double-edge-cutout-blades","status":"publish","type":"product","link":"https:\/\/www.fefoknives.com\/tr\/urun\/single-and-double-edge-cutout-blades\/","title":{"rendered":"Tek ve \u00c7ift Kenarl\u0131 Kesme B\u0131\u00e7aklar\u0131"},"content":{"rendered":"<div style=\"width: 544px;\" class=\"wp-video\"><video class=\"wp-video-shortcode\" id=\"video-1971-1\" width=\"544\" height=\"960\" preload=\"metadata\" controls=\"controls\"><source type=\"video\/mp4\" src=\"https:\/\/www.fefoknives.com\/wp-content\/uploads\/2021\/06\/Fefo-machine-and-industry-knives.mp4?_=1\" \/><a href=\"https:\/\/www.fefoknives.com\/wp-content\/uploads\/2021\/06\/Fefo-machine-and-industry-knives.mp4\">https:\/\/www.fefoknives.com\/wp-content\/uploads\/2021\/06\/Fefo-machine-and-industry-knives.mp4<\/a><\/video><\/div>","protected":false},"excerpt":{"rendered":"","protected":false},"featured_media":1972,"comment_status":"open","ping_status":"closed","template":"","meta":{"_acf_changed":false,"_seopress_robots_primary_cat":"41","_seopress_titles_title":"50\u00b0 Double Edge Cutout Blade for CNC router","_seopress_titles_desc":"These Electronic Oscillating knives are made in Tungsten carbide material, used for Summa F Series CNC routers.","_seopress_robots_index":""},"tudou_product_application":[18,29,27],"product_brand":[],"product_cat":[41,26],"product_tag":[],"class_list":{"0":"post-1971","1":"product","2":"type-product","3":"status-publish","4":"has-post-thumbnail","6":"tudou_product_application-others","7":"tudou_product_application-packaging-blades","8":"tudou_product_application-paper-cutting-blades","9":"product_cat-custom-shaped-blades","10":"product_cat-wear-resistant-parts","11":"resize-featured-image","13":"first","14":"instock","15":"shipping-taxable","16":"product-type-simple"},"acf":[],"_links":{"self":[{"href":"https:\/\/www.fefoknives.com\/tr\/wp-json\/wp\/v2\/product\/1971","targetHints":{"allow":["GET"]}}],"collection":[{"href":"https:\/\/www.fefoknives.com\/tr\/wp-json\/wp\/v2\/product"}],"about":[{"href":"https:\/\/www.fefoknives.com\/tr\/wp-json\/wp\/v2\/types\/product"}],"replies":[{"embeddable":true,"href":"https:\/\/www.fefoknives.com\/tr\/wp-json\/wp\/v2\/comments?post=1971"}],"wp:featuredmedia":[{"embeddable":true,"href":"https:\/\/www.fefoknives.com\/tr\/wp-json\/wp\/v2\/media\/1972"}],"wp:attachment":[{"href":"https:\/\/www.fefoknives.com\/tr\/wp-json\/wp\/v2\/media?parent=1971"}],"wp:term":[{"taxonomy":"tudou_product_application","embeddable":true,"href":"https:\/\/www.fefoknives.com\/tr\/wp-json\/wp\/v2\/tudou_product_application?post=1971"},{"taxonomy":"product_brand","embeddable":true,"href":"https:\/\/www.fefoknives.com\/tr\/wp-json\/wp\/v2\/product_brand?post=1971"},{"taxonomy":"product_cat","embeddable":true,"href":"https:\/\/www.fefoknives.com\/tr\/wp-json\/wp\/v2\/product_cat?post=1971"},{"taxonomy":"product_tag","embeddable":true,"href":"https:\/\/www.fefoknives.com\/tr\/wp-json\/wp\/v2\/product_tag?post=1971"}],"curies":[{"name":"wp","href":"https:\/\/api.w.org\/{rel}","templated":true}]}}