{"id":2217,"date":"2023-03-13T03:13:31","date_gmt":"2023-03-13T03:13:31","guid":{"rendered":"https:\/\/www.fefoknives.com\/?post_type=product&#038;p=2217"},"modified":"2023-03-13T03:13:31","modified_gmt":"2023-03-13T03:13:31","slug":"shaped-customized-blades-for-food-industry","status":"publish","type":"product","link":"https:\/\/www.fefoknives.com\/tr\/urun\/shaped-customized-blades-for-food-industry\/","title":{"rendered":"G\u0131da end\u00fcstrisi i\u00e7in \u00f6zel \u015fekillendirilmi\u015f b\u0131\u00e7aklar"},"content":{"rendered":"<div style=\"width: 1200px;\" class=\"wp-video\"><video class=\"wp-video-shortcode\" id=\"video-2217-1\" width=\"1200\" height=\"675\" preload=\"metadata\" controls=\"controls\"><source type=\"video\/mp4\" src=\"https:\/\/www.fefoknives.com\/wp-content\/uploads\/2023\/03\/almond-cutting-blade-SS420-material.mp4?_=1\" \/><a href=\"https:\/\/www.fefoknives.com\/wp-content\/uploads\/2023\/03\/almond-cutting-blade-SS420-material.mp4\">https:\/\/www.fefoknives.com\/wp-content\/uploads\/2023\/03\/almond-cutting-blade-SS420-material.mp4<\/a><\/video><\/div>","protected":false},"excerpt":{"rendered":"","protected":false},"featured_media":2219,"comment_status":"open","ping_status":"closed","template":"","meta":{"_acf_changed":false,"_seopress_robots_primary_cat":"41","_seopress_titles_title":"Shaped custom blades for food industry","_seopress_titles_desc":"This is unique designed blade for cutting almond, and other nuts, with high-grade stainless steel, high precision and good quality.","_seopress_robots_index":""},"tudou_product_application":[55,18],"product_brand":[],"product_cat":[41],"product_tag":[],"class_list":{"0":"post-2217","1":"product","2":"type-product","3":"status-publish","4":"has-post-thumbnail","6":"tudou_product_application-food-industrial-knives","7":"tudou_product_application-others","8":"product_cat-custom-shaped-blades","9":"resize-featured-image","11":"first","12":"instock","13":"shipping-taxable","14":"product-type-simple"},"acf":[],"_links":{"self":[{"href":"https:\/\/www.fefoknives.com\/tr\/wp-json\/wp\/v2\/product\/2217","targetHints":{"allow":["GET"]}}],"collection":[{"href":"https:\/\/www.fefoknives.com\/tr\/wp-json\/wp\/v2\/product"}],"about":[{"href":"https:\/\/www.fefoknives.com\/tr\/wp-json\/wp\/v2\/types\/product"}],"replies":[{"embeddable":true,"href":"https:\/\/www.fefoknives.com\/tr\/wp-json\/wp\/v2\/comments?post=2217"}],"wp:featuredmedia":[{"embeddable":true,"href":"https:\/\/www.fefoknives.com\/tr\/wp-json\/wp\/v2\/media\/2219"}],"wp:attachment":[{"href":"https:\/\/www.fefoknives.com\/tr\/wp-json\/wp\/v2\/media?parent=2217"}],"wp:term":[{"taxonomy":"tudou_product_application","embeddable":true,"href":"https:\/\/www.fefoknives.com\/tr\/wp-json\/wp\/v2\/tudou_product_application?post=2217"},{"taxonomy":"product_brand","embeddable":true,"href":"https:\/\/www.fefoknives.com\/tr\/wp-json\/wp\/v2\/product_brand?post=2217"},{"taxonomy":"product_cat","embeddable":true,"href":"https:\/\/www.fefoknives.com\/tr\/wp-json\/wp\/v2\/product_cat?post=2217"},{"taxonomy":"product_tag","embeddable":true,"href":"https:\/\/www.fefoknives.com\/tr\/wp-json\/wp\/v2\/product_tag?post=2217"}],"curies":[{"name":"wp","href":"https:\/\/api.w.org\/{rel}","templated":true}]}}