{"id":2224,"date":"2023-03-14T04:27:38","date_gmt":"2023-03-14T04:27:38","guid":{"rendered":"https:\/\/www.fefoknives.com\/?post_type=product&#038;p=2224"},"modified":"2023-03-14T04:27:38","modified_gmt":"2023-03-14T04:27:38","slug":"toothed-machine-knives-for-packaging-2","status":"publish","type":"product","link":"https:\/\/www.fefoknives.com\/tr\/urun\/toothed-machine-knives-for-packaging-2\/","title":{"rendered":"Ambalaj i\u00e7in di\u015fli kesme b\u0131\u00e7a\u011f\u0131"},"content":{"rendered":"<div style=\"width: 1200px;\" class=\"wp-video\"><video class=\"wp-video-shortcode\" id=\"video-2224-1\" width=\"1200\" height=\"675\" preload=\"metadata\" controls=\"controls\"><source type=\"video\/mp4\" src=\"https:\/\/www.fefoknives.com\/wp-content\/uploads\/2023\/03\/serrated-knife-for-packaging-industry.mp4?_=1\" \/><a href=\"https:\/\/www.fefoknives.com\/wp-content\/uploads\/2023\/03\/serrated-knife-for-packaging-industry.mp4\">https:\/\/www.fefoknives.com\/wp-content\/uploads\/2023\/03\/serrated-knife-for-packaging-industry.mp4<\/a><\/video><\/div>","protected":false},"excerpt":{"rendered":"","protected":false},"featured_media":2227,"comment_status":"open","ping_status":"closed","template":"","meta":{"_acf_changed":false,"_seopress_robots_primary_cat":"23","_seopress_titles_title":"Teethed knives for packaging machinery","_seopress_titles_desc":"Tooth knife, carton sealer blade, tape cutter55x30x2mm, 1.2379 or HSS material. We produces kinds of teethed knives for differenr packaging machines.","_seopress_robots_index":""},"tudou_product_application":[18,29],"product_brand":[],"product_cat":[19,23],"product_tag":[],"class_list":{"0":"post-2224","1":"product","2":"type-product","3":"status-publish","4":"has-post-thumbnail","6":"tudou_product_application-others","7":"tudou_product_application-packaging-blades","8":"product_cat-straight-blades-knives","9":"product_cat-saw-blades","10":"resize-featured-image","12":"first","13":"instock","14":"shipping-taxable","15":"product-type-simple"},"acf":[],"_links":{"self":[{"href":"https:\/\/www.fefoknives.com\/tr\/wp-json\/wp\/v2\/product\/2224","targetHints":{"allow":["GET"]}}],"collection":[{"href":"https:\/\/www.fefoknives.com\/tr\/wp-json\/wp\/v2\/product"}],"about":[{"href":"https:\/\/www.fefoknives.com\/tr\/wp-json\/wp\/v2\/types\/product"}],"replies":[{"embeddable":true,"href":"https:\/\/www.fefoknives.com\/tr\/wp-json\/wp\/v2\/comments?post=2224"}],"wp:featuredmedia":[{"embeddable":true,"href":"https:\/\/www.fefoknives.com\/tr\/wp-json\/wp\/v2\/media\/2227"}],"wp:attachment":[{"href":"https:\/\/www.fefoknives.com\/tr\/wp-json\/wp\/v2\/media?parent=2224"}],"wp:term":[{"taxonomy":"tudou_product_application","embeddable":true,"href":"https:\/\/www.fefoknives.com\/tr\/wp-json\/wp\/v2\/tudou_product_application?post=2224"},{"taxonomy":"product_brand","embeddable":true,"href":"https:\/\/www.fefoknives.com\/tr\/wp-json\/wp\/v2\/product_brand?post=2224"},{"taxonomy":"product_cat","embeddable":true,"href":"https:\/\/www.fefoknives.com\/tr\/wp-json\/wp\/v2\/product_cat?post=2224"},{"taxonomy":"product_tag","embeddable":true,"href":"https:\/\/www.fefoknives.com\/tr\/wp-json\/wp\/v2\/product_tag?post=2224"}],"curies":[{"name":"wp","href":"https:\/\/api.w.org\/{rel}","templated":true}]}}