{"id":2238,"date":"2023-03-17T01:58:45","date_gmt":"2023-03-17T01:58:45","guid":{"rendered":"https:\/\/www.fefoknives.com\/?post_type=product&#038;p=2238"},"modified":"2023-03-17T01:58:45","modified_gmt":"2023-03-17T01:58:45","slug":"40x40x25-square-cutter-for-single-shaft-shredder","status":"publish","type":"product","link":"https:\/\/www.fefoknives.com\/tr\/urun\/40x40x25-square-cutter-for-single-shaft-shredder\/","title":{"rendered":"Tek \u015faftl\u0131 par\u00e7alay\u0131c\u0131 i\u00e7in 40x40x25 kare kesici"},"content":{"rendered":"<div style=\"width: 1200px;\" class=\"wp-video\"><video class=\"wp-video-shortcode\" id=\"video-2238-1\" width=\"1200\" height=\"675\" preload=\"metadata\" controls=\"controls\"><source type=\"video\/mp4\" src=\"https:\/\/www.fefoknives.com\/wp-content\/uploads\/2023\/03\/shredder-knife.mp4?_=1\" \/><a href=\"https:\/\/www.fefoknives.com\/wp-content\/uploads\/2023\/03\/shredder-knife.mp4\">https:\/\/www.fefoknives.com\/wp-content\/uploads\/2023\/03\/shredder-knife.mp4<\/a><\/video><\/div>","protected":false},"excerpt":{"rendered":"","protected":false},"featured_media":2240,"comment_status":"open","ping_status":"closed","template":"","meta":{"_acf_changed":false,"_seopress_robots_primary_cat":"41","_seopress_titles_title":"40x40x25 square cutter for single shaft shredder","_seopress_titles_desc":"FEFO produces kinds of shredder cutter knives, which used for cutting plastic, metal, paper, rubber, wood, cardboard, pipes...","_seopress_robots_index":""},"tudou_product_application":[28,18,27,22],"product_brand":[],"product_cat":[41],"product_tag":[],"class_list":{"0":"post-2238","1":"product","2":"type-product","3":"status-publish","4":"has-post-thumbnail","6":"tudou_product_application-metalworking-knives","7":"tudou_product_application-others","8":"tudou_product_application-paper-cutting-blades","9":"tudou_product_application-rubber-cutting-blades","10":"product_cat-custom-shaped-blades","11":"resize-featured-image","13":"first","14":"instock","15":"shipping-taxable","16":"product-type-simple"},"acf":[],"_links":{"self":[{"href":"https:\/\/www.fefoknives.com\/tr\/wp-json\/wp\/v2\/product\/2238","targetHints":{"allow":["GET"]}}],"collection":[{"href":"https:\/\/www.fefoknives.com\/tr\/wp-json\/wp\/v2\/product"}],"about":[{"href":"https:\/\/www.fefoknives.com\/tr\/wp-json\/wp\/v2\/types\/product"}],"replies":[{"embeddable":true,"href":"https:\/\/www.fefoknives.com\/tr\/wp-json\/wp\/v2\/comments?post=2238"}],"wp:featuredmedia":[{"embeddable":true,"href":"https:\/\/www.fefoknives.com\/tr\/wp-json\/wp\/v2\/media\/2240"}],"wp:attachment":[{"href":"https:\/\/www.fefoknives.com\/tr\/wp-json\/wp\/v2\/media?parent=2238"}],"wp:term":[{"taxonomy":"tudou_product_application","embeddable":true,"href":"https:\/\/www.fefoknives.com\/tr\/wp-json\/wp\/v2\/tudou_product_application?post=2238"},{"taxonomy":"product_brand","embeddable":true,"href":"https:\/\/www.fefoknives.com\/tr\/wp-json\/wp\/v2\/product_brand?post=2238"},{"taxonomy":"product_cat","embeddable":true,"href":"https:\/\/www.fefoknives.com\/tr\/wp-json\/wp\/v2\/product_cat?post=2238"},{"taxonomy":"product_tag","embeddable":true,"href":"https:\/\/www.fefoknives.com\/tr\/wp-json\/wp\/v2\/product_tag?post=2238"}],"curies":[{"name":"wp","href":"https:\/\/api.w.org\/{rel}","templated":true}]}}