{"id":60,"date":"2020-10-13T03:02:19","date_gmt":"2020-10-13T03:02:19","guid":{"rendered":"https:\/\/www.fefoknives.com\/?post_type=product&#038;p=60"},"modified":"2021-11-01T01:48:19","modified_gmt":"2021-11-01T01:48:19","slug":"rubber-and-tire-cutting-blades","status":"publish","type":"product","link":"https:\/\/www.fefoknives.com\/tr\/urun\/rubber-and-tire-cutting-blades\/","title":{"rendered":"Karb\u00fcr Lastik Pim Havaland\u0131rma D\u00fczelticileri"},"content":{"rendered":"<div style=\"width: 960px;\" class=\"wp-video\"><video class=\"wp-video-shortcode\" id=\"video-60-1\" width=\"960\" height=\"544\" preload=\"metadata\" controls=\"controls\"><source type=\"video\/mp4\" src=\"https:\/\/www.fefoknives.com\/wp-content\/uploads\/2021\/05\/rubber-tire-vent-trimming-knives.mp4?_=1\" \/><a href=\"https:\/\/www.fefoknives.com\/wp-content\/uploads\/2021\/05\/rubber-tire-vent-trimming-knives.mp4\">https:\/\/www.fefoknives.com\/wp-content\/uploads\/2021\/05\/rubber-tire-vent-trimming-knives.mp4<\/a><\/video><\/div>","protected":false},"excerpt":{"rendered":"","protected":false},"featured_media":40,"comment_status":"open","ping_status":"closed","template":"","meta":{"_acf_changed":false,"_seopress_robots_primary_cat":"41","_seopress_titles_title":"Tire air vent trimming tools blades and knives","_seopress_titles_desc":"FeFo produces kinds of pin vent trimming knives, with HSS, SKH, Tungsten carbide...materials, for both hand and machinery use.","_seopress_robots_index":""},"tudou_product_application":[40,21,22],"product_brand":[],"product_cat":[41,26],"product_tag":[],"class_list":{"0":"post-60","1":"product","2":"type-product","3":"status-publish","4":"has-post-thumbnail","6":"tudou_product_application-hand-rubber-cutting","7":"tudou_product_application-rmachine-rubber-cutting-blades","8":"tudou_product_application-rubber-cutting-blades","9":"product_cat-custom-shaped-blades","10":"product_cat-wear-resistant-parts","11":"resize-featured-image","13":"first","14":"instock","15":"shipping-taxable","16":"product-type-simple"},"acf":[],"_links":{"self":[{"href":"https:\/\/www.fefoknives.com\/tr\/wp-json\/wp\/v2\/product\/60","targetHints":{"allow":["GET"]}}],"collection":[{"href":"https:\/\/www.fefoknives.com\/tr\/wp-json\/wp\/v2\/product"}],"about":[{"href":"https:\/\/www.fefoknives.com\/tr\/wp-json\/wp\/v2\/types\/product"}],"replies":[{"embeddable":true,"href":"https:\/\/www.fefoknives.com\/tr\/wp-json\/wp\/v2\/comments?post=60"}],"wp:featuredmedia":[{"embeddable":true,"href":"https:\/\/www.fefoknives.com\/tr\/wp-json\/wp\/v2\/media\/40"}],"wp:attachment":[{"href":"https:\/\/www.fefoknives.com\/tr\/wp-json\/wp\/v2\/media?parent=60"}],"wp:term":[{"taxonomy":"tudou_product_application","embeddable":true,"href":"https:\/\/www.fefoknives.com\/tr\/wp-json\/wp\/v2\/tudou_product_application?post=60"},{"taxonomy":"product_brand","embeddable":true,"href":"https:\/\/www.fefoknives.com\/tr\/wp-json\/wp\/v2\/product_brand?post=60"},{"taxonomy":"product_cat","embeddable":true,"href":"https:\/\/www.fefoknives.com\/tr\/wp-json\/wp\/v2\/product_cat?post=60"},{"taxonomy":"product_tag","embeddable":true,"href":"https:\/\/www.fefoknives.com\/tr\/wp-json\/wp\/v2\/product_tag?post=60"}],"curies":[{"name":"wp","href":"https:\/\/api.w.org\/{rel}","templated":true}]}}