{"id":659,"date":"2021-04-08T02:24:24","date_gmt":"2021-04-08T02:24:24","guid":{"rendered":"https:\/\/www.fefoknives.com\/?post_type=product&#038;p=659"},"modified":"2021-11-01T01:31:34","modified_gmt":"2021-11-01T01:31:34","slug":"3-teeth-tire-rubber-vent-trimming-knife","status":"publish","type":"product","link":"https:\/\/www.fefoknives.com\/tr\/product\/3-teeth-tire-rubber-vent-trimming-knife\/","title":{"rendered":"3 Di\u015f lastik kau\u00e7uk havaland\u0131rma d\u00fczeltme b\u0131\u00e7a\u011f\u0131"},"content":{"rendered":"<div style=\"width: 960px;\" class=\"wp-video\"><video class=\"wp-video-shortcode\" id=\"video-659-1\" width=\"960\" height=\"544\" preload=\"metadata\" controls=\"controls\"><source type=\"video\/mp4\" src=\"https:\/\/www.fefoknives.com\/wp-content\/uploads\/2021\/04\/3teeth-tire-trimmer.mp4?_=1\" \/><a href=\"https:\/\/www.fefoknives.com\/wp-content\/uploads\/2021\/04\/3teeth-tire-trimmer.mp4\">https:\/\/www.fefoknives.com\/wp-content\/uploads\/2021\/04\/3teeth-tire-trimmer.mp4<\/a><\/video><\/div>","protected":false},"excerpt":{"rendered":"","protected":false},"featured_media":660,"comment_status":"open","ping_status":"closed","template":"","meta":{"_acf_changed":false,"_seopress_robots_primary_cat":"41","_seopress_titles_title":"Teeth knife for trimming tire rubber flash","_seopress_titles_desc":"FeFo produces kinds knives, which used for cutting paper, metal, plastic, film, rubber, wood, food, foam, industrial knives.","_seopress_robots_index":""},"tudou_product_application":[40,22],"product_brand":[],"product_cat":[41],"product_tag":[],"class_list":{"0":"post-659","1":"product","2":"type-product","3":"status-publish","4":"has-post-thumbnail","6":"tudou_product_application-hand-rubber-cutting","7":"tudou_product_application-rubber-cutting-blades","8":"product_cat-custom-shaped-blades","9":"resize-featured-image","11":"first","12":"instock","13":"featured","14":"shipping-taxable","15":"product-type-simple"},"acf":[],"_links":{"self":[{"href":"https:\/\/www.fefoknives.com\/tr\/wp-json\/wp\/v2\/product\/659","targetHints":{"allow":["GET"]}}],"collection":[{"href":"https:\/\/www.fefoknives.com\/tr\/wp-json\/wp\/v2\/product"}],"about":[{"href":"https:\/\/www.fefoknives.com\/tr\/wp-json\/wp\/v2\/types\/product"}],"replies":[{"embeddable":true,"href":"https:\/\/www.fefoknives.com\/tr\/wp-json\/wp\/v2\/comments?post=659"}],"wp:featuredmedia":[{"embeddable":true,"href":"https:\/\/www.fefoknives.com\/tr\/wp-json\/wp\/v2\/media\/660"}],"wp:attachment":[{"href":"https:\/\/www.fefoknives.com\/tr\/wp-json\/wp\/v2\/media?parent=659"}],"wp:term":[{"taxonomy":"tudou_product_application","embeddable":true,"href":"https:\/\/www.fefoknives.com\/tr\/wp-json\/wp\/v2\/tudou_product_application?post=659"},{"taxonomy":"product_brand","embeddable":true,"href":"https:\/\/www.fefoknives.com\/tr\/wp-json\/wp\/v2\/product_brand?post=659"},{"taxonomy":"product_cat","embeddable":true,"href":"https:\/\/www.fefoknives.com\/tr\/wp-json\/wp\/v2\/product_cat?post=659"},{"taxonomy":"product_tag","embeddable":true,"href":"https:\/\/www.fefoknives.com\/tr\/wp-json\/wp\/v2\/product_tag?post=659"}],"curies":[{"name":"wp","href":"https:\/\/api.w.org\/{rel}","templated":true}]}}