{"id":97,"date":"2020-10-19T02:34:13","date_gmt":"2020-10-19T02:34:13","guid":{"rendered":"https:\/\/www.fefoknives.com\/?post_type=product&#038;p=97"},"modified":"2021-11-01T01:41:45","modified_gmt":"2021-11-01T01:41:45","slug":"circular-slitting-knives-circular-rotary-blades-from-china","status":"publish","type":"product","link":"https:\/\/www.fefoknives.com\/tr\/urun\/circular-slitting-knives-circular-rotary-blades-from-china\/","title":{"rendered":"Skiver kesiciler b\u00fcy\u00fck dairesel b\u0131\u00e7aklar"},"content":{"rendered":"<div style=\"width: 960px;\" class=\"wp-video\"><video class=\"wp-video-shortcode\" id=\"video-97-1\" width=\"960\" height=\"544\" preload=\"metadata\" controls=\"controls\"><source type=\"video\/mp4\" src=\"https:\/\/www.fefoknives.com\/wp-content\/uploads\/2020\/10\/skiver-cutter-blade.mp4?_=1\" \/><a href=\"https:\/\/www.fefoknives.com\/wp-content\/uploads\/2020\/10\/skiver-cutter-blade.mp4\">https:\/\/www.fefoknives.com\/wp-content\/uploads\/2020\/10\/skiver-cutter-blade.mp4<\/a><\/video><\/div>","protected":false},"excerpt":{"rendered":"","protected":false},"featured_media":700,"comment_status":"open","ping_status":"closed","template":"","meta":{"_acf_changed":false,"_seopress_robots_primary_cat":"","_seopress_titles_title":"Skiver blade big circular knife 400mm round blade cutters","_seopress_titles_desc":"Skiver blades are with big dia, like 400mm, 600mm, 800mm, used for packaging, rubber and tyre, food, metal...","_seopress_robots_index":""},"tudou_product_application":[21,28,18,29,27,22],"product_brand":[],"product_cat":[24],"product_tag":[],"class_list":{"0":"post-97","1":"product","2":"type-product","3":"status-publish","4":"has-post-thumbnail","6":"tudou_product_application-rmachine-rubber-cutting-blades","7":"tudou_product_application-metalworking-knives","8":"tudou_product_application-others","9":"tudou_product_application-packaging-blades","10":"tudou_product_application-paper-cutting-blades","11":"tudou_product_application-rubber-cutting-blades","12":"product_cat-circular-knives-blades","13":"resize-featured-image","15":"first","16":"instock","17":"featured","18":"shipping-taxable","19":"product-type-simple"},"acf":[],"_links":{"self":[{"href":"https:\/\/www.fefoknives.com\/tr\/wp-json\/wp\/v2\/product\/97","targetHints":{"allow":["GET"]}}],"collection":[{"href":"https:\/\/www.fefoknives.com\/tr\/wp-json\/wp\/v2\/product"}],"about":[{"href":"https:\/\/www.fefoknives.com\/tr\/wp-json\/wp\/v2\/types\/product"}],"replies":[{"embeddable":true,"href":"https:\/\/www.fefoknives.com\/tr\/wp-json\/wp\/v2\/comments?post=97"}],"wp:featuredmedia":[{"embeddable":true,"href":"https:\/\/www.fefoknives.com\/tr\/wp-json\/wp\/v2\/media\/700"}],"wp:attachment":[{"href":"https:\/\/www.fefoknives.com\/tr\/wp-json\/wp\/v2\/media?parent=97"}],"wp:term":[{"taxonomy":"tudou_product_application","embeddable":true,"href":"https:\/\/www.fefoknives.com\/tr\/wp-json\/wp\/v2\/tudou_product_application?post=97"},{"taxonomy":"product_brand","embeddable":true,"href":"https:\/\/www.fefoknives.com\/tr\/wp-json\/wp\/v2\/product_brand?post=97"},{"taxonomy":"product_cat","embeddable":true,"href":"https:\/\/www.fefoknives.com\/tr\/wp-json\/wp\/v2\/product_cat?post=97"},{"taxonomy":"product_tag","embeddable":true,"href":"https:\/\/www.fefoknives.com\/tr\/wp-json\/wp\/v2\/product_tag?post=97"}],"curies":[{"name":"wp","href":"https:\/\/api.w.org\/{rel}","templated":true}]}}